
{"id":2,"date":"2017-11-07T21:27:38","date_gmt":"2017-11-07T20:27:38","guid":{"rendered":"http:\/\/hardis.org\/?page_id=2"},"modified":"2021-07-05T13:24:02","modified_gmt":"2021-07-05T11:24:02","slug":"zkusebni-stranka","status":"publish","type":"page","link":"https:\/\/hardis.org\/","title":{"rendered":"O projektu"},"content":{"rendered":"<p>C\u00edlem projektu je z\u00edsk\u00e1n\u00ed poznatk\u016f o mechanismech, kter\u00e9 prob\u00edhaj\u00ed b\u011bhem dezintegrace tvrd\u00e9ho d\u0159eva. Proto bude vyvinuta zku\u0161ebn\u00ed sestava, kter\u00e1 umo\u017en\u00ed d\u016fkladnou anal\u00fdzu dezintegra\u010dn\u00edho procesu p\u0159i \u0159ezn\u00e9 rychlosti p\u0159ibli\u017en\u011b 100 m\/s. Proces je analyzov\u00e1n prost\u0159ednictv\u00edm podrobn\u00e9 anal\u00fdzy \u0159ezn\u00e9 s\u00edly a deformace, aplikov\u00e1n\u00edm synchronizovan\u00e9ho m\u011b\u0159en\u00ed s\u00edly a vysokorychlostn\u00edch videoz\u00e1znam\u016f. Tato data budou pou\u017eita jako z\u00e1klad pro v\u00fdvoj kone\u010dnoprvkov\u00e9ho modelu, kter\u00fd n\u00e1sledn\u011b poslou\u017e\u00ed jako n\u00e1stroj pro optimalizaci znalostn\u00ed b\u00e1ze. Mechanick\u00e1 dezintagrace tvrd\u00fdch d\u0159ev je \u0159e\u0161en ve spolupr\u00e1ci\u00a0mezi \u00dastavem nauky o d\u0159ev\u011b a d\u0159eva\u0159sk\u00fdch technologi\u00ed, Lesnickou a d\u0159eva\u0159skou fakultou, Mendelovou univerzitou v Brn\u011b a Wood K plus, Oblast masivn\u00edho d\u0159eva a kompozit\u016f na b\u00e1zi d\u0159eva (Kompetenzzentrum Holz GmbH), Tulln.<\/p>\n<p><a href=\"https:\/\/hardis.org\/en\/wp-content\/uploads\/2018\/04\/loga3.png\"><img loading=\"lazy\" decoding=\"async\" class=\"wp-image-277 aligncenter\" src=\"https:\/\/hardis.org\/en\/wp-content\/uploads\/2018\/04\/loga3.png\" alt=\"\" width=\"472\" height=\"144\" \/><\/a><\/p>\n<h6 style=\"text-align: center;\">\u00a0Hlavn\u00ed Partner\u00a0 \u00a0 \u00a0 \u00a0 \u00a0 \u00a0 \u00a0 \u00a0 \u00a0 \u00a0 \u00a0 \u00a0 \u00a0 \u00a0 \u00a0 \u00a0 \u00a0 Partner\u00a0 \u00a0 \u00a0 \u00a0 \u00a0 \u00a0 \u00a0 \u00a0 \u00a0 \u00a0 \u00a0 \u00a0 \u00a0 \u00a0 \u00a0 \u00a0 \u00a0 \u00a0Spolufinancov\u00e1n\u00ed Partnera<\/h6>\n<p>&nbsp;<\/p>\n<p><a href=\"https:\/\/hardis.org\/wp-content\/uploads\/2020\/01\/Uvodni_foto--e1578592005417.jpg\"><img loading=\"lazy\" decoding=\"async\" class=\"aligncenter size-large wp-image-396\" src=\"https:\/\/hardis.org\/wp-content\/uploads\/2020\/01\/Uvodni_foto--1024x683.jpg\" alt=\"\" width=\"840\" height=\"560\" \/><\/a><\/p>\n<p>&nbsp;<br \/>\n<iframe loading=\"lazy\" width=\"640\" height=\"480\" src=\"https:\/\/www.youtube.com\/embed\/QY7hk7t-acg\" title=\"YouTube video player\" frameborder=\"0\" allow=\"accelerometer; autoplay; clipboard-write; encrypted-media; gyroscope; picture-in-picture\" allowfullscreen><\/iframe><\/p>\n","protected":false},"excerpt":{"rendered":"<p>C\u00edlem projektu je z\u00edsk\u00e1n\u00ed poznatk\u016f o mechanismech, kter\u00e9 prob\u00edhaj\u00ed b\u011bhem dezintegrace tvrd\u00e9ho d\u0159eva. Proto bude vyvinuta zku\u0161ebn\u00ed sestava, kter\u00e1 umo\u017en\u00ed d\u016fkladnou anal\u00fdzu dezintegra\u010dn\u00edho procesu p\u0159i \u0159ezn\u00e9 rychlosti p\u0159ibli\u017en\u011b 100 m\/s. Proces je analyzov\u00e1n prost\u0159ednictv\u00edm podrobn\u00e9 anal\u00fdzy \u0159ezn\u00e9 s\u00edly a deformace,&#8230;<br \/><a class=\"read-more-button\" href=\"https:\/\/hardis.org\/\">\u010c\u00edst v\u00edce<\/a><\/p>\n","protected":false},"author":1,"featured_media":0,"parent":0,"menu_order":0,"comment_status":"closed","ping_status":"open","template":"","meta":{"footnotes":""},"class_list":["post-2","page","type-page","status-publish","hentry"],"_links":{"self":[{"href":"https:\/\/hardis.org\/index.php?rest_route=\/wp\/v2\/pages\/2","targetHints":{"allow":["GET"]}}],"collection":[{"href":"https:\/\/hardis.org\/index.php?rest_route=\/wp\/v2\/pages"}],"about":[{"href":"https:\/\/hardis.org\/index.php?rest_route=\/wp\/v2\/types\/page"}],"author":[{"embeddable":true,"href":"https:\/\/hardis.org\/index.php?rest_route=\/wp\/v2\/users\/1"}],"replies":[{"embeddable":true,"href":"https:\/\/hardis.org\/index.php?rest_route=%2Fwp%2Fv2%2Fcomments&post=2"}],"version-history":[{"count":18,"href":"https:\/\/hardis.org\/index.php?rest_route=\/wp\/v2\/pages\/2\/revisions"}],"predecessor-version":[{"id":426,"href":"https:\/\/hardis.org\/index.php?rest_route=\/wp\/v2\/pages\/2\/revisions\/426"}],"wp:attachment":[{"href":"https:\/\/hardis.org\/index.php?rest_route=%2Fwp%2Fv2%2Fmedia&parent=2"}],"curies":[{"name":"wp","href":"https:\/\/api.w.org\/{rel}","templated":true}]}}