
{"id":102,"date":"2018-02-15T12:16:02","date_gmt":"2018-02-15T11:16:02","guid":{"rendered":"http:\/\/ldf.mendelu.cz\/testhardis\/?page_id=102"},"modified":"2019-11-14T19:59:56","modified_gmt":"2019-11-14T18:59:56","slug":"contacts","status":"publish","type":"page","link":"https:\/\/hardis.org\/?page_id=102","title":{"rendered":"Kontakty"},"content":{"rendered":"<p>&nbsp;<\/p>\n<table border=\"0\" cellspacing=\"0\">\n<tbody>\n<tr>\n<td align=\"center\" height=\"17\"><span style=\"font-family: 'Liberation Serif';\">Organizace<\/span><\/td>\n<td align=\"center\"><span style=\"font-family: 'Liberation Serif';\">Pozice v projektu<\/span><\/td>\n<td align=\"center\"><span style=\"font-family: 'Liberation Serif';\">Jm\u00e9no<\/span><\/td>\n<td align=\"center\"><span style=\"font-family: 'Liberation Serif';\">e-mail<\/span><\/td>\n<\/tr>\n<tr>\n<td align=\"center\" height=\"17\"><a href=\"http:\/\/www.ldf.mendelu.cz\/\"><span style=\"font-family: 'Liberation Serif';\">Mendelova univerzita v Brn\u011b<\/span><\/a><\/td>\n<td align=\"center\"><span style=\"font-family: 'Liberation Serif';\">Vedouc\u00ed projektu<\/span><\/td>\n<td align=\"center\"><span style=\"font-family: 'Liberation Serif';\">Jan Tippner<\/span><\/td>\n<td align=\"center\"><a href=\"mailto:jan.tippner@mendelu.cz\"><span style=\"font-family: 'Liberation Serif';\">jan.tippner@mendelu.cz<\/span><\/a><\/td>\n<\/tr>\n<tr>\n<td align=\"center\" height=\"17\"><a href=\"http:\/\/www.ldf.mendelu.cz\/\"><span style=\"font-family: 'Liberation Serif';\">Mendelova univerzita v Brn\u011b<\/span><\/a><\/td>\n<td align=\"center\"><span style=\"font-family: 'Liberation Serif';\">Finan\u010dn\u00ed mana\u017eer<\/span><\/td>\n<td align=\"center\">Martina Kocmanov\u00e1<\/td>\n<td align=\"center\"><a href=\"mailto:martina.kocmanova@mendelu.cz\"><span style=\"font-family: 'Liberation Serif';\">martina.kocmanova@mendelu.cz<\/span><\/a><\/td>\n<\/tr>\n<tr>\n<td align=\"center\" height=\"17\"><a href=\"http:\/\/www.ldf.mendelu.cz\/\"><span style=\"font-family: 'Liberation Serif';\">Mendelova univerzita v Brn\u011b<\/span><\/a><\/td>\n<td align=\"center\"><span style=\"font-family: 'Liberation Serif';\">Administra\u010dn\u00ed pracovnice<\/span><\/td>\n<td align=\"center\">Dagmar Harazimov\u00e1<\/td>\n<td align=\"center\"><a href=\"dagmar.harazimova@mendelu.cz\"><span style=\"font-family: 'Liberation Serif';\">dagmar.harazimova@mendelu.cz<\/span><\/a><\/td>\n<\/tr>\n<tr>\n<td align=\"center\" height=\"17\"><a href=\"http:\/\/www.ldf.mendelu.cz\/\"><span style=\"font-family: 'Liberation Serif';\">Mendelova univerzita v Brn\u011b<\/span><\/a><\/td>\n<td align=\"center\"><span style=\"font-family: 'Liberation Serif';\">V\u011bdeck\u00fd vedouc\u00ed projektu<\/span><\/td>\n<td align=\"center\"><span style=\"font-family: 'Liberation Serif';\">Franti\u0161ek \u0160ebek<\/span><\/td>\n<td align=\"center\"><a href=\"mailto:frantisek.sebek@mendelu.cz\"><span style=\"font-family: 'Liberation Serif';\">frantisek.sebek@mendelu.cz<\/span><\/a><\/td>\n<\/tr>\n<tr>\n<td align=\"center\" height=\"32\"><a href=\"http:\/\/www.wood-kplus.at\/de\/kontakt\"><span style=\"font-family: 'Liberation Serif';\">Wood K plus<\/span><\/a><\/td>\n<td align=\"center\"><span style=\"font-family: 'Liberation Serif';\">Vedouc\u00ed projektu<\/span><\/td>\n<td align=\"center\"><span style=\"font-family: 'Liberation Serif';\">Stephan Frybort<\/span><\/td>\n<td align=\"center\"><a href=\"mailto:s.frybort@kplus-wood.at\"><span style=\"font-family: 'Liberation Serif';\">s.frybort@kplus-wood.at<\/span><\/a><\/td>\n<\/tr>\n<\/tbody>\n<\/table>\n<p>telefonn\u00ed kontakt (CZ): +420 545 134 544\u00a0 \u00a0 \u00a0Jan Tippner<\/p>\n<p>telefonn\u00ed kontakt (AT): +43 1 47654 89158\u00a0\u00a0\u00a0Stephan Frybort<\/p>\n<h3>Partnersk\u00e9 instituce<\/h3>\n<p><strong>Veden\u00ed projektu:<\/strong> Mendelova Univerzita v Brn\u011b, Lesnick\u00e1 a d\u0159eva\u0159sk\u00e1 fakulta,\u00a0 \u00dastav nauky o d\u0159ev\u011b a d\u0159eva\u0159sk\u00fdch technologi\u00ed, Zem\u011bd\u011blsk\u00e1 3, 613 00 Brno<br \/>\n<strong>Partner:<\/strong> Kompetenzzentrum Holz GmbH, Wood K plus, Bereich Massivholz und Holzverbundwerkstoffe, Konrad Lorenz Stra\u00dfe 24, 3430 Tulln<\/p>\n<h3>Kontaktujte n\u00e1s, ozveme se V\u00e1m<\/h3>\n\n<div class=\"wpcf7 no-js\" id=\"wpcf7-f281-o1\" lang=\"en-US\" dir=\"ltr\" data-wpcf7-id=\"281\">\n<div class=\"screen-reader-response\"><p role=\"status\" aria-live=\"polite\" aria-atomic=\"true\"><\/p> <ul><\/ul><\/div>\n<form action=\"\/index.php?rest_route=%2Fwp%2Fv2%2Fpages%2F102#wpcf7-f281-o1\" method=\"post\" class=\"wpcf7-form init\" aria-label=\"Contact form\" novalidate=\"novalidate\" data-status=\"init\">\n<fieldset class=\"hidden-fields-container\"><input type=\"hidden\" name=\"_wpcf7\" value=\"281\" \/><input type=\"hidden\" name=\"_wpcf7_version\" value=\"6.1.5\" \/><input type=\"hidden\" name=\"_wpcf7_locale\" value=\"en_US\" \/><input type=\"hidden\" name=\"_wpcf7_unit_tag\" value=\"wpcf7-f281-o1\" \/><input type=\"hidden\" name=\"_wpcf7_container_post\" value=\"0\" \/><input type=\"hidden\" name=\"_wpcf7_posted_data_hash\" value=\"\" \/><input type=\"hidden\" name=\"_wpcf7_recaptcha_response\" value=\"\" \/>\n<\/fieldset>\n<p><label> Va\u0161e jm\u00e9no (vy\u017eadov\u00e1no)<br \/>\n<span class=\"wpcf7-form-control-wrap\" data-name=\"your-name\"><input size=\"40\" maxlength=\"400\" class=\"wpcf7-form-control wpcf7-text wpcf7-validates-as-required\" aria-required=\"true\" aria-invalid=\"false\" value=\"\" type=\"text\" name=\"your-name\" \/><\/span> <\/label>\n<\/p>\n<p><label> V\u00e1\u0161 Email (vy\u017eadov\u00e1no)<br \/>\n<span class=\"wpcf7-form-control-wrap\" data-name=\"your-email\"><input size=\"40\" maxlength=\"400\" class=\"wpcf7-form-control wpcf7-email wpcf7-validates-as-required wpcf7-text wpcf7-validates-as-email\" aria-required=\"true\" aria-invalid=\"false\" value=\"\" type=\"email\" name=\"your-email\" \/><\/span> <\/label>\n<\/p>\n<p><label> P\u0159edm\u011bt zpr\u00e1vy<br \/>\n<span class=\"wpcf7-form-control-wrap\" data-name=\"your-subject\"><input size=\"40\" maxlength=\"400\" class=\"wpcf7-form-control wpcf7-text\" aria-invalid=\"false\" value=\"\" type=\"text\" name=\"your-subject\" \/><\/span> <\/label>\n<\/p>\n<p><label> Va\u0161e zpr\u00e1va<br \/>\n<span class=\"wpcf7-form-control-wrap\" data-name=\"your-message\"><textarea cols=\"40\" rows=\"10\" maxlength=\"2000\" class=\"wpcf7-form-control wpcf7-textarea\" aria-invalid=\"false\" name=\"your-message\"><\/textarea><\/span> <\/label><br \/>\n<br \/>\n<input class=\"wpcf7-form-control wpcf7-submit has-spinner\" type=\"submit\" value=\"Send\" \/>\n<\/p><div class=\"wpcf7-response-output\" aria-hidden=\"true\"><\/div>\n<\/form>\n<\/div>\n\n","protected":false},"excerpt":{"rendered":"<p>&nbsp; Organizace Pozice v projektu Jm\u00e9no e-mail Mendelova univerzita v Brn\u011b Vedouc\u00ed projektu Jan Tippner jan.tippner@mendelu.cz Mendelova univerzita v Brn\u011b Finan\u010dn\u00ed mana\u017eer Martina Kocmanov\u00e1 martina.kocmanova@mendelu.cz Mendelova univerzita v Brn\u011b Administra\u010dn\u00ed pracovnice Dagmar Harazimov\u00e1 dagmar.harazimova@mendelu.cz Mendelova univerzita v Brn\u011b V\u011bdeck\u00fd vedouc\u00ed&#8230;<br \/><a class=\"read-more-button\" href=\"https:\/\/hardis.org\/?page_id=102\">\u010c\u00edst v\u00edce<\/a><\/p>\n","protected":false},"author":4,"featured_media":0,"parent":0,"menu_order":0,"comment_status":"closed","ping_status":"closed","template":"","meta":{"footnotes":""},"class_list":["post-102","page","type-page","status-publish","hentry"],"_links":{"self":[{"href":"https:\/\/hardis.org\/index.php?rest_route=\/wp\/v2\/pages\/102","targetHints":{"allow":["GET"]}}],"collection":[{"href":"https:\/\/hardis.org\/index.php?rest_route=\/wp\/v2\/pages"}],"about":[{"href":"https:\/\/hardis.org\/index.php?rest_route=\/wp\/v2\/types\/page"}],"author":[{"embeddable":true,"href":"https:\/\/hardis.org\/index.php?rest_route=\/wp\/v2\/users\/4"}],"replies":[{"embeddable":true,"href":"https:\/\/hardis.org\/index.php?rest_route=%2Fwp%2Fv2%2Fcomments&post=102"}],"version-history":[{"count":33,"href":"https:\/\/hardis.org\/index.php?rest_route=\/wp\/v2\/pages\/102\/revisions"}],"predecessor-version":[{"id":381,"href":"https:\/\/hardis.org\/index.php?rest_route=\/wp\/v2\/pages\/102\/revisions\/381"}],"wp:attachment":[{"href":"https:\/\/hardis.org\/index.php?rest_route=%2Fwp%2Fv2%2Fmedia&parent=102"}],"curies":[{"name":"wp","href":"https:\/\/api.w.org\/{rel}","templated":true}]}}