{"id":99,"date":"2018-04-05T14:52:29","date_gmt":"2018-04-05T12:52:29","guid":{"rendered":"https:\/\/ldf.mendelu.cz\/testhardis\/de\/?page_id=99"},"modified":"2018-04-27T11:21:50","modified_gmt":"2018-04-27T09:21:50","slug":"dic","status":"publish","type":"page","link":"https:\/\/hardis.org\/de\/?page_id=99","title":{"rendered":"DIC"},"content":{"rendered":"<p>Die digitale Bildkorrelation (Digital Image Correlation = DIC) ist ein ber\u00fchrungsloses vollfl\u00e4chiges Verfahren zur Verformungsmessung. Je nach eingesetzter Kameratechnik k\u00f6nnen mittels DIC auch dynamische Belastungen untersucht werden.<\/p>\n<p>Zu diesem Zweck wird der Bauteil, bzw. die zu untersuchende Messregion, w\u00e4hrend der Belastung mit Hilfe von einer oder mehrerer Kameras gefilmt. Mittels DIC k\u00f6nnen anhand der gewonnenen Bilddaten die dabei auftretenden Verschiebungen und Dehnungen im entsprechenden Untersuchungsbereich (Area of Interest) anschlie\u00dfend berechnet werden. Bei Verwendung einer Kamera k\u00f6nnen dabei 2D Verschiebungen und Dehnungen gemessen werden. Die Verwendung von zwei Kameras erm\u00f6glicht hingegen die Analyse von 3D Verschiebungen und Dehnungen, d.h. zus\u00e4tzlich auch noch Verformungen aus der Ebene heraus.<\/p>\n<p>Die DIC besteht grunds\u00e4tzlichen aus drei Schritten:<\/p>\n<ol>\n<li>Die Bilddaten der Probek\u00f6rperoberfl\u00e4che werden nach charakteristischen Punkten, eventuell auch anhand eines zus\u00e4tzlich aufgetragenen sogenannten Specklemusters, untersucht.<\/li>\n<li>Anhand der \u00c4nderungen der Abst\u00e4nde der einzelnen Punkte zueinander wird einen Verschiebungs- und Dehnungsfalschfarbenkarte der gesamten gemessenen Probek\u00f6rperoberfl\u00e4che generiert.<\/li>\n<li>Zwei Methoden werden f\u00fcr die DIC angewandt:\n<ul>\n<li>Normalised Cross Correlation (NCC)<\/li>\n<li>Least-Squares Matching (LSM)<\/li>\n<\/ul>\n<\/li>\n<\/ol>\n","protected":false},"excerpt":{"rendered":"<p>Die digitale Bildkorrelation (Digital Image Correlation = DIC) ist ein ber\u00fchrungsloses vollfl\u00e4chiges Verfahren zur Verformungsmessung. Je nach eingesetzter Kameratechnik k\u00f6nnen mittels DIC auch dynamische Belastungen untersucht werden. Zu diesem Zweck wird der Bauteil, bzw. die zu untersuchende Messregion, w\u00e4hrend der&#8230;<br \/><a class=\"read-more-button\" href=\"https:\/\/hardis.org\/de\/?page_id=99\">Mehr Lesen<\/a><\/p>\n","protected":false},"author":4,"featured_media":0,"parent":0,"menu_order":0,"comment_status":"closed","ping_status":"closed","template":"","meta":{"footnotes":""},"class_list":["post-99","page","type-page","status-publish","hentry"],"_links":{"self":[{"href":"https:\/\/hardis.org\/de\/index.php?rest_route=\/wp\/v2\/pages\/99","targetHints":{"allow":["GET"]}}],"collection":[{"href":"https:\/\/hardis.org\/de\/index.php?rest_route=\/wp\/v2\/pages"}],"about":[{"href":"https:\/\/hardis.org\/de\/index.php?rest_route=\/wp\/v2\/types\/page"}],"author":[{"embeddable":true,"href":"https:\/\/hardis.org\/de\/index.php?rest_route=\/wp\/v2\/users\/4"}],"replies":[{"embeddable":true,"href":"https:\/\/hardis.org\/de\/index.php?rest_route=%2Fwp%2Fv2%2Fcomments&post=99"}],"version-history":[{"count":4,"href":"https:\/\/hardis.org\/de\/index.php?rest_route=\/wp\/v2\/pages\/99\/revisions"}],"predecessor-version":[{"id":153,"href":"https:\/\/hardis.org\/de\/index.php?rest_route=\/wp\/v2\/pages\/99\/revisions\/153"}],"wp:attachment":[{"href":"https:\/\/hardis.org\/de\/index.php?rest_route=%2Fwp%2Fv2%2Fmedia&parent=99"}],"curies":[{"name":"wp","href":"https:\/\/api.w.org\/{rel}","templated":true}]}}