{"id":74,"date":"2018-02-16T15:25:26","date_gmt":"2018-02-16T14:25:26","guid":{"rendered":"https:\/\/ldf.mendelu.cz\/testhardis\/de\/?page_id=74"},"modified":"2019-11-14T20:06:45","modified_gmt":"2019-11-14T19:06:45","slug":"kontakte","status":"publish","type":"page","link":"https:\/\/hardis.org\/de\/?page_id=74","title":{"rendered":"Kontakte"},"content":{"rendered":"<p>&nbsp;<\/p>\n<table border=\"0\" cellspacing=\"0\">\n<tbody>\n<tr>\n<td align=\"center\" height=\"17\">Organisation<\/td>\n<td align=\"center\">Position im Projekt<\/td>\n<td align=\"center\">Name<\/td>\n<td align=\"center\"><span style=\"font-family: 'Liberation Serif';\">e-mail<\/span><\/td>\n<\/tr>\n<tr>\n<td align=\"center\" height=\"17\"><a href=\"http:\/\/mendelu.cz\/en\/25142-contact\">Mendel Universit\u00e4t Br\u00fcnn<\/a><\/td>\n<td align=\"center\"><span style=\"font-family: 'Liberation Serif';\">Gesamtprojektleiter<\/span><\/td>\n<td align=\"center\"><span style=\"font-family: 'Liberation Serif';\">Jan Tippner<\/span><\/td>\n<td align=\"center\"><a href=\"mailto:adam.ekielski@mendelu.cz\"><span style=\"font-family: 'Liberation Serif';\">\u00a0<\/span><\/a><a href=\"mailto:jan.tippner@mendelu.cz\">jan.tippner@mendelu.cz<\/a><\/td>\n<\/tr>\n<tr>\n<td align=\"center\" height=\"17\"><a href=\"http:\/\/mendelu.cz\/en\/25142-contact\">Mendel Universit\u00e4t Br\u00fcnn<\/a><\/td>\n<td align=\"center\"><span style=\"font-family: 'Liberation Serif';\">Finanzmanager<\/span><\/td>\n<td align=\"center\">Martina Kocmanov\u00e1<\/td>\n<td align=\"center\"><a href=\"mailto:martina.kocmanova@mendelu.cz\"><span style=\"font-family: 'Liberation Serif';\">martina.kocmanova@mendelu.cz<\/span><\/a><\/td>\n<\/tr>\n<tr>\n<td align=\"center\" height=\"17\"><a href=\"http:\/\/mendelu.cz\/en\/25142-contact\">Mendel Universit\u00e4t Br\u00fcnn<\/a><\/td>\n<td align=\"center\"><span style=\"font-family: 'Liberation Serif';\">Administration<\/span><\/td>\n<td align=\"center\">Dagmar Harazimov\u00e1<\/td>\n<td align=\"center\"><a href=\"mailto:dagmar.harazimova@mendelu.cz\"><span style=\"font-family: 'Liberation Serif';\">dagmar.harazimova@mendelu.cz<\/span><\/a><\/td>\n<\/tr>\n<tr>\n<td align=\"center\" height=\"17\"><a href=\"http:\/\/mendelu.cz\/en\/25142-contact\">Mendel Universit\u00e4t Br\u00fcnn<\/a><\/td>\n<td align=\"center\">Wissenschaftlicher Leiter, Tschechien<\/td>\n<td align=\"center\"><span style=\"font-family: 'Liberation Serif';\">Franti\u0161ek \u0160ebek<\/span><\/td>\n<td align=\"center\"><a href=\"mailto:frantisek.sebek@mendelu.cz\"><span style=\"font-family: 'Liberation Serif';\">frantisek.sebek@mendelu.cz<\/span><\/a><\/td>\n<\/tr>\n<tr>\n<td align=\"center\" height=\"32\"><span style=\"font-family: 'Liberation Serif';\"><a href=\"http:\/\/www.wood-kplus.at\/de\">Wood K plus<\/a> <\/span><\/td>\n<td align=\"center\">Projektleiter \u00d6sterreich<\/td>\n<td align=\"center\"><span style=\"font-family: 'Liberation Serif';\">Stephan Frybort<\/span><\/td>\n<td align=\"center\"><a href=\"mailto:s.frybort@kplus-wood.at\"><span style=\"font-family: 'Liberation Serif';\">s.frybort@kplus-wood.at<\/span><\/a><\/td>\n<\/tr>\n<\/tbody>\n<\/table>\n<p>Telefonischer Kontakt (CZ): +420 545 134 544\u00a0 \u00a0 \u00a0 \u00a0Jan Tippner<\/p>\n<p>Telefonischer Kontakt (AT):\u00a0\u00a0+43 1 47654 89158\u00a0\u00a0\u00a0Stephan Frybort<\/p>\n<h3><\/h3>\n<h3>Kontaktieren Sie Uns<\/h3>\n\n<div class=\"wpcf7 no-js\" id=\"wpcf7-f102-o1\" lang=\"de-DE\" dir=\"ltr\" data-wpcf7-id=\"102\">\n<div class=\"screen-reader-response\"><p role=\"status\" aria-live=\"polite\" aria-atomic=\"true\"><\/p> <ul><\/ul><\/div>\n<form action=\"\/de\/index.php?rest_route=%2Fwp%2Fv2%2Fpages%2F74#wpcf7-f102-o1\" method=\"post\" class=\"wpcf7-form init\" aria-label=\"Kontaktformular\" novalidate=\"novalidate\" data-status=\"init\">\n<fieldset class=\"hidden-fields-container\"><input type=\"hidden\" name=\"_wpcf7\" value=\"102\" \/><input type=\"hidden\" name=\"_wpcf7_version\" value=\"6.1.5\" \/><input type=\"hidden\" name=\"_wpcf7_locale\" value=\"de_DE\" \/><input type=\"hidden\" name=\"_wpcf7_unit_tag\" value=\"wpcf7-f102-o1\" \/><input type=\"hidden\" name=\"_wpcf7_container_post\" value=\"0\" \/><input type=\"hidden\" name=\"_wpcf7_posted_data_hash\" value=\"\" \/>\n<\/fieldset>\n<p><label>Name (Pflichtfeld)<br \/>\n<span class=\"wpcf7-form-control-wrap\" data-name=\"your-name\"><input size=\"40\" maxlength=\"400\" class=\"wpcf7-form-control wpcf7-text wpcf7-validates-as-required\" aria-required=\"true\" aria-invalid=\"false\" value=\"\" type=\"text\" name=\"your-name\" \/><\/span> <\/label>\n<\/p>\n<p><label>E-Mail-Adresse (Pflichtfeld)<br \/>\n<span class=\"wpcf7-form-control-wrap\" data-name=\"your-email\"><input size=\"40\" maxlength=\"400\" class=\"wpcf7-form-control wpcf7-email wpcf7-validates-as-required wpcf7-text wpcf7-validates-as-email\" aria-required=\"true\" aria-invalid=\"false\" value=\"\" type=\"email\" name=\"your-email\" \/><\/span> <\/label>\n<\/p>\n<p><label>Betreff<br \/>\n<span class=\"wpcf7-form-control-wrap\" data-name=\"your-subject\"><input size=\"40\" maxlength=\"400\" class=\"wpcf7-form-control wpcf7-text\" aria-invalid=\"false\" value=\"\" type=\"text\" name=\"your-subject\" \/><\/span> <\/label>\n<\/p>\n<p><label>Nachricht<br \/>\n<span class=\"wpcf7-form-control-wrap\" data-name=\"your-message\"><textarea cols=\"40\" rows=\"10\" maxlength=\"2000\" class=\"wpcf7-form-control wpcf7-textarea\" aria-invalid=\"false\" name=\"your-message\"><\/textarea><\/span> <\/label><br \/>\n[recaptcha theme:white]\n<\/p>\n<p><input class=\"wpcf7-form-control wpcf7-submit has-spinner\" type=\"submit\" value=\"Senden\" \/>\n<\/p><div class=\"wpcf7-response-output\" aria-hidden=\"true\"><\/div>\n<\/form>\n<\/div>\n\n","protected":false},"excerpt":{"rendered":"<p>&nbsp; Organisation Position im Projekt Name e-mail Mendel Universit\u00e4t Br\u00fcnn Gesamtprojektleiter Jan Tippner \u00a0jan.tippner@mendelu.cz Mendel Universit\u00e4t Br\u00fcnn Finanzmanager Martina Kocmanov\u00e1 martina.kocmanova@mendelu.cz Mendel Universit\u00e4t Br\u00fcnn Administration Dagmar Harazimov\u00e1 dagmar.harazimova@mendelu.cz Mendel Universit\u00e4t Br\u00fcnn Wissenschaftlicher Leiter, Tschechien Franti\u0161ek \u0160ebek frantisek.sebek@mendelu.cz Wood K plus&#8230;<br \/><a class=\"read-more-button\" href=\"https:\/\/hardis.org\/de\/?page_id=74\">Mehr Lesen<\/a><\/p>\n","protected":false},"author":4,"featured_media":0,"parent":0,"menu_order":0,"comment_status":"closed","ping_status":"closed","template":"","meta":{"footnotes":""},"class_list":["post-74","page","type-page","status-publish","hentry"],"_links":{"self":[{"href":"https:\/\/hardis.org\/de\/index.php?rest_route=\/wp\/v2\/pages\/74","targetHints":{"allow":["GET"]}}],"collection":[{"href":"https:\/\/hardis.org\/de\/index.php?rest_route=\/wp\/v2\/pages"}],"about":[{"href":"https:\/\/hardis.org\/de\/index.php?rest_route=\/wp\/v2\/types\/page"}],"author":[{"embeddable":true,"href":"https:\/\/hardis.org\/de\/index.php?rest_route=\/wp\/v2\/users\/4"}],"replies":[{"embeddable":true,"href":"https:\/\/hardis.org\/de\/index.php?rest_route=%2Fwp%2Fv2%2Fcomments&post=74"}],"version-history":[{"count":20,"href":"https:\/\/hardis.org\/de\/index.php?rest_route=\/wp\/v2\/pages\/74\/revisions"}],"predecessor-version":[{"id":195,"href":"https:\/\/hardis.org\/de\/index.php?rest_route=\/wp\/v2\/pages\/74\/revisions\/195"}],"wp:attachment":[{"href":"https:\/\/hardis.org\/de\/index.php?rest_route=%2Fwp%2Fv2%2Fmedia&parent=74"}],"curies":[{"name":"wp","href":"https:\/\/api.w.org\/{rel}","templated":true}]}}